{"id":22,"date":"2021-08-18T16:25:14","date_gmt":"2021-08-18T16:25:14","guid":{"rendered":"http:\/\/dev-cms-01.photoweb.pri\/espaces\/magazine\/?page_id=22"},"modified":"2025-07-25T14:31:42","modified_gmt":"2025-07-25T12:31:42","slug":"photoweb-le-mag","status":"publish","type":"page","link":"https:\/\/photo.fnac.com\/conseils-photo\/","title":{"rendered":"Nos conseils photo par Fnac Photo"},"content":{"rendered":"\n\n\tId\u00e9es\ncadeaux\n\n","protected":false},"excerpt":{"rendered":"<p>Id\u00e9es cadeaux<\/p>\n","protected":false},"author":33,"featured_media":0,"parent":0,"menu_order":0,"comment_status":"closed","ping_status":"closed","template":"page-home-custom.php","meta":{"footnotes":""},"class_list":["post-22","page","type-page","status-publish","hentry"],"yoast_head":"<!-- This site is optimized with the Yoast SEO plugin v25.3.1 - https:\/\/yoast.com\/wordpress\/plugins\/seo\/ -->\n<title>Le blog Fnac Photo, le m\u00e9dia du choix \u00e9clair\u00e9<\/title>\n<meta name=\"description\" content=\"Conseils photo, astuces, comparatifs : nos \u00e9quipes de passionn\u00e9s vous guident sur le blog Fnac Photo pour vous aider \u00e0 tirer parti vos photos\" \/>\n<meta name=\"robots\" content=\"index, follow, max-snippet:-1, max-image-preview:large, max-video-preview:-1\" \/>\n<link rel=\"canonical\" href=\"https:\/\/photo.fnac.com\/conseils-photo\/\" \/>\n<meta property=\"og:locale\" content=\"fr_FR\" \/>\n<meta property=\"og:type\" content=\"article\" \/>\n<meta property=\"og:title\" content=\"Le blog Fnac Photo, le m\u00e9dia du choix \u00e9clair\u00e9\" \/>\n<meta property=\"og:description\" content=\"Conseils photo, astuces, comparatifs : nos \u00e9quipes de passionn\u00e9s vous guident sur le blog Fnac Photo pour vous aider \u00e0 tirer parti vos photos\" \/>\n<meta property=\"og:url\" content=\"https:\/\/photo.fnac.com\/conseils-photo\/\" \/>\n<meta property=\"og:site_name\" content=\"Fnac\" \/>\n<meta property=\"article:modified_time\" content=\"2025-07-25T12:31:42+00:00\" \/>\n<meta property=\"og:image\" content=\"https:\/\/photo.fnac.com\/conseils-photo\/wp-content\/uploads\/2024\/04\/site-fnac-photo.jpg\" \/>\n\t<meta property=\"og:image:width\" content=\"1200\" \/>\n\t<meta property=\"og:image:height\" content=\"675\" \/>\n\t<meta property=\"og:image:type\" content=\"image\/jpeg\" \/>\n<meta name=\"twitter:card\" content=\"summary_large_image\" \/>\n<meta name=\"twitter:label1\" content=\"Dur\u00e9e de lecture estim\u00e9e\" \/>\n\t<meta name=\"twitter:data1\" content=\"1 minute\" \/>\n<script type=\"application\/ld+json\" class=\"yoast-schema-graph\">{\"@context\":\"https:\/\/schema.org\",\"@graph\":[{\"@type\":\"WebPage\",\"@id\":\"https:\/\/photo.fnac.com\/conseils-photo\/\",\"url\":\"https:\/\/photo.fnac.com\/conseils-photo\/\",\"name\":\"Le blog Fnac Photo, le m\u00e9dia du choix \u00e9clair\u00e9\",\"isPartOf\":{\"@id\":\"https:\/\/photo.fnac.com\/conseils-photo\/#website\"},\"datePublished\":\"2021-08-18T16:25:14+00:00\",\"dateModified\":\"2025-07-25T12:31:42+00:00\",\"description\":\"Conseils photo, astuces, comparatifs : nos \u00e9quipes de passionn\u00e9s vous guident sur le blog Fnac Photo pour vous aider \u00e0 tirer parti vos photos\",\"breadcrumb\":{\"@id\":\"https:\/\/photo.fnac.com\/conseils-photo\/#breadcrumb\"},\"inLanguage\":\"fr-FR\",\"potentialAction\":[{\"@type\":\"ReadAction\",\"target\":[\"https:\/\/photo.fnac.com\/conseils-photo\/\"]}]},{\"@type\":\"BreadcrumbList\",\"@id\":\"https:\/\/photo.fnac.com\/conseils-photo\/#breadcrumb\",\"itemListElement\":[{\"@type\":\"ListItem\",\"position\":1,\"name\":\"Accueil\",\"item\":\"https:\/\/photo.fnac.com\/conseils-photo\/\"},{\"@type\":\"ListItem\",\"position\":2,\"name\":\"Nos conseils photo par Fnac Photo\"}]},{\"@type\":\"WebSite\",\"@id\":\"https:\/\/photo.fnac.com\/conseils-photo\/#website\",\"url\":\"https:\/\/photo.fnac.com\/conseils-photo\/\",\"name\":\"Fnac Photo\",\"description\":\"Tous nos conseils photos\",\"publisher\":{\"@id\":\"https:\/\/photo.fnac.com\/conseils-photo\/#organization\"},\"potentialAction\":[{\"@type\":\"SearchAction\",\"target\":{\"@type\":\"EntryPoint\",\"urlTemplate\":\"https:\/\/photo.fnac.com\/conseils-photo\/?s={search_term_string}\"},\"query-input\":{\"@type\":\"PropertyValueSpecification\",\"valueRequired\":true,\"valueName\":\"search_term_string\"}}],\"inLanguage\":\"fr-FR\"},{\"@type\":\"Organization\",\"@id\":\"https:\/\/photo.fnac.com\/conseils-photo\/#organization\",\"name\":\"Fnac Photo\",\"alternateName\":\"Fnac\",\"url\":\"https:\/\/photo.fnac.com\/conseils-photo\/\",\"logo\":{\"@type\":\"ImageObject\",\"inLanguage\":\"fr-FR\",\"@id\":\"https:\/\/photo.fnac.com\/conseils-photo\/#\/schema\/logo\/image\/\",\"url\":\"https:\/\/fnac-preprod.magento.digitalphoto.dev\/conseils-photo\/wp-content\/uploads\/2024\/04\/cropped-favicon_fnac.png\",\"contentUrl\":\"https:\/\/fnac-preprod.magento.digitalphoto.dev\/conseils-photo\/wp-content\/uploads\/2024\/04\/cropped-favicon_fnac.png\",\"width\":512,\"height\":512,\"caption\":\"Fnac Photo\"},\"image\":{\"@id\":\"https:\/\/photo.fnac.com\/conseils-photo\/#\/schema\/logo\/image\/\"}}]}<\/script>\n<!-- \/ Yoast SEO plugin. -->","yoast_head_json":{"title":"Le blog Fnac Photo, le m\u00e9dia du choix \u00e9clair\u00e9","description":"Conseils photo, astuces, comparatifs : nos \u00e9quipes de passionn\u00e9s vous guident sur le blog Fnac Photo pour vous aider \u00e0 tirer parti vos photos","robots":{"index":"index","follow":"follow","max-snippet":"max-snippet:-1","max-image-preview":"max-image-preview:large","max-video-preview":"max-video-preview:-1"},"canonical":"https:\/\/photo.fnac.com\/conseils-photo\/","og_locale":"fr_FR","og_type":"article","og_title":"Le blog Fnac Photo, le m\u00e9dia du choix \u00e9clair\u00e9","og_description":"Conseils photo, astuces, comparatifs : nos \u00e9quipes de passionn\u00e9s vous guident sur le blog Fnac Photo pour vous aider \u00e0 tirer parti vos photos","og_url":"https:\/\/photo.fnac.com\/conseils-photo\/","og_site_name":"Fnac","article_modified_time":"2025-07-25T12:31:42+00:00","og_image":[{"width":1200,"height":675,"url":"https:\/\/photo.fnac.com\/conseils-photo\/wp-content\/uploads\/2024\/04\/site-fnac-photo.jpg","type":"image\/jpeg"}],"twitter_card":"summary_large_image","twitter_misc":{"Dur\u00e9e de lecture estim\u00e9e":"1 minute"},"schema":{"@context":"https:\/\/schema.org","@graph":[{"@type":"WebPage","@id":"https:\/\/photo.fnac.com\/conseils-photo\/","url":"https:\/\/photo.fnac.com\/conseils-photo\/","name":"Le blog Fnac Photo, le m\u00e9dia du choix \u00e9clair\u00e9","isPartOf":{"@id":"https:\/\/photo.fnac.com\/conseils-photo\/#website"},"datePublished":"2021-08-18T16:25:14+00:00","dateModified":"2025-07-25T12:31:42+00:00","description":"Conseils photo, astuces, comparatifs : nos \u00e9quipes de passionn\u00e9s vous guident sur le blog Fnac Photo pour vous aider \u00e0 tirer parti vos photos","breadcrumb":{"@id":"https:\/\/photo.fnac.com\/conseils-photo\/#breadcrumb"},"inLanguage":"fr-FR","potentialAction":[{"@type":"ReadAction","target":["https:\/\/photo.fnac.com\/conseils-photo\/"]}]},{"@type":"BreadcrumbList","@id":"https:\/\/photo.fnac.com\/conseils-photo\/#breadcrumb","itemListElement":[{"@type":"ListItem","position":1,"name":"Accueil","item":"https:\/\/photo.fnac.com\/conseils-photo\/"},{"@type":"ListItem","position":2,"name":"Nos conseils photo par Fnac Photo"}]},{"@type":"WebSite","@id":"https:\/\/photo.fnac.com\/conseils-photo\/#website","url":"https:\/\/photo.fnac.com\/conseils-photo\/","name":"Fnac Photo","description":"Tous nos conseils photos","publisher":{"@id":"https:\/\/photo.fnac.com\/conseils-photo\/#organization"},"potentialAction":[{"@type":"SearchAction","target":{"@type":"EntryPoint","urlTemplate":"https:\/\/photo.fnac.com\/conseils-photo\/?s={search_term_string}"},"query-input":{"@type":"PropertyValueSpecification","valueRequired":true,"valueName":"search_term_string"}}],"inLanguage":"fr-FR"},{"@type":"Organization","@id":"https:\/\/photo.fnac.com\/conseils-photo\/#organization","name":"Fnac Photo","alternateName":"Fnac","url":"https:\/\/photo.fnac.com\/conseils-photo\/","logo":{"@type":"ImageObject","inLanguage":"fr-FR","@id":"https:\/\/photo.fnac.com\/conseils-photo\/#\/schema\/logo\/image\/","url":"https:\/\/fnac-preprod.magento.digitalphoto.dev\/conseils-photo\/wp-content\/uploads\/2024\/04\/cropped-favicon_fnac.png","contentUrl":"https:\/\/fnac-preprod.magento.digitalphoto.dev\/conseils-photo\/wp-content\/uploads\/2024\/04\/cropped-favicon_fnac.png","width":512,"height":512,"caption":"Fnac Photo"},"image":{"@id":"https:\/\/photo.fnac.com\/conseils-photo\/#\/schema\/logo\/image\/"}}]}},"acf":[],"_links":{"self":[{"href":"https:\/\/photo.fnac.com\/conseils-photo\/wp-json\/wp\/v2\/pages\/22","targetHints":{"allow":["GET"]}}],"collection":[{"href":"https:\/\/photo.fnac.com\/conseils-photo\/wp-json\/wp\/v2\/pages"}],"about":[{"href":"https:\/\/photo.fnac.com\/conseils-photo\/wp-json\/wp\/v2\/types\/page"}],"author":[{"embeddable":true,"href":"https:\/\/photo.fnac.com\/conseils-photo\/wp-json\/wp\/v2\/users\/33"}],"replies":[{"embeddable":true,"href":"https:\/\/photo.fnac.com\/conseils-photo\/wp-json\/wp\/v2\/comments?post=22"}],"version-history":[{"count":10,"href":"https:\/\/photo.fnac.com\/conseils-photo\/wp-json\/wp\/v2\/pages\/22\/revisions"}],"predecessor-version":[{"id":14354,"href":"https:\/\/photo.fnac.com\/conseils-photo\/wp-json\/wp\/v2\/pages\/22\/revisions\/14354"}],"wp:attachment":[{"href":"https:\/\/photo.fnac.com\/conseils-photo\/wp-json\/wp\/v2\/media?parent=22"}],"curies":[{"name":"wp","href":"https:\/\/api.w.org\/{rel}","templated":true}]}}